{"id":345,"date":"2024-04-27T06:25:50","date_gmt":"2024-04-27T06:25:50","guid":{"rendered":"https:\/\/wynd-kite.com\/?page_id=345"},"modified":"2024-06-06T10:30:06","modified_gmt":"2024-06-06T10:30:06","slug":"imprint","status":"publish","type":"page","link":"https:\/\/wynd-kite.com\/de\/imprint\/","title":{"rendered":"Impressum"},"content":{"rendered":"<style>.elementor-345 .elementor-element.elementor-element-38a401f > .elementor-container > .elementor-column > .elementor-widget-wrap{align-content:center;align-items:center;}.elementor-345 .elementor-element.elementor-element-38a401f:not(.elementor-motion-effects-element-type-background), .elementor-345 .elementor-element.elementor-element-38a401f > .elementor-motion-effects-container > .elementor-motion-effects-layer{background-image:url(\"https:\/\/wynd-kite.com\/wp-content\/uploads\/2024\/04\/30459209.jpg\");background-position:center center;background-repeat:no-repeat;background-size:cover;}.elementor-345 .elementor-element.elementor-element-38a401f > .elementor-background-overlay{background-color:var( --e-global-color-secondary );opacity:0.83;transition:background 0.3s, border-radius 0.3s, opacity 0.3s;}.elementor-345 .elementor-element.elementor-element-38a401f > .elementor-container{min-height:450px;}.elementor-345 .elementor-element.elementor-element-38a401f{transition:background 0.3s, border 0.3s, border-radius 0.3s, box-shadow 0.3s;margin-top:-85px;margin-bottom:66px;padding:0px 15px 0px 15px;}.elementor-345 .elementor-element.elementor-element-c090a4d > .elementor-element-populated{transition:background 0.3s, border 0.3s, border-radius 0.3s, box-shadow 0.3s;margin:85px 0px 0px 0px;--e-column-margin-right:0px;--e-column-margin-left:0px;}.elementor-345 .elementor-element.elementor-element-c090a4d > .elementor-element-populated > .elementor-background-overlay{transition:background 0.3s, border-radius 0.3s, opacity 0.3s;}.elementor-345 .elementor-element.elementor-element-30acf19{text-align:center;}.elementor-345 .elementor-element.elementor-element-30acf19 .elementor-heading-title{font-family:\"Grostek\", Sans-serif;font-size:55px;font-weight:800;text-transform:capitalize;line-height:1.1em;color:var( --e-global-color-21bfb04 );}.elementor-345 .elementor-element.elementor-element-53de730{--display:flex;--margin-top:0px;--margin-bottom:0px;--margin-left:0px;--margin-right:0px;}.elementor-345 .elementor-element.elementor-element-66353f5{font-family:\"Inter\", Sans-serif;font-size:14px;font-weight:300;}:root{--page-title-display:none;}@media(min-width:768px){.elementor-345 .elementor-element.elementor-element-53de730{--content-width:746px;}}@media(max-width:1024px){.elementor-345 .elementor-element.elementor-element-30acf19 .elementor-heading-title{font-size:45px;}}@media(max-width:767px){.elementor-345 .elementor-element.elementor-element-38a401f > .elementor-container{min-height:400px;}.elementor-345 .elementor-element.elementor-element-38a401f{margin-top:-165px;margin-bottom:100px;}.elementor-345 .elementor-element.elementor-element-c090a4d > .elementor-element-populated{margin:150px 0px 0px 0px;--e-column-margin-right:0px;--e-column-margin-left:0px;}.elementor-345 .elementor-element.elementor-element-30acf19 .elementor-heading-title{font-size:35px;}}\/* Start Custom Fonts CSS *\/@font-face {\n\tfont-family: 'Grostek';\n\tfont-style: normal;\n\tfont-weight: normal;\n\tfont-display: auto;\n\tsrc: url('https:\/\/wynd-kite.com\/wp-content\/uploads\/2024\/05\/NeueHaasDisplayThin.ttf') format('truetype');\n}\n@font-face {\n\tfont-family: 'Grostek';\n\tfont-style: normal;\n\tfont-weight: 200;\n\tfont-display: auto;\n\tsrc: url('https:\/\/wynd-kite.com\/wp-content\/uploads\/2024\/05\/NeueHaasDisplayThin.ttf') format('truetype');\n}\n@font-face {\n\tfont-family: 'Grostek';\n\tfont-style: normal;\n\tfont-weight: 100;\n\tfont-display: auto;\n\tsrc: url('https:\/\/wynd-kite.com\/wp-content\/uploads\/2024\/05\/NeueHaasDisplayXThin.ttf') format('truetype');\n}\n\/* End Custom Fonts CSS *\/<\/style>\t\t<div data-elementor-type=\"wp-page\" data-elementor-id=\"345\" class=\"elementor elementor-345\" data-elementor-post-type=\"page\">\n\t\t\t\t\t\t<section data-particle_enable=\"false\" data-particle-mobile-disabled=\"false\" class=\"elementor-section elementor-top-section elementor-element elementor-element-38a401f elementor-section-height-min-height elementor-section-content-middle elementor-section-boxed elementor-section-height-default elementor-section-items-middle\" data-id=\"38a401f\" data-element_type=\"section\" data-settings=\"{&quot;background_background&quot;:&quot;classic&quot;}\">\n\t\t\t\t\t\t\t<div class=\"elementor-background-overlay\"><\/div>\n\t\t\t\t\t\t\t<div class=\"elementor-container elementor-column-gap-no\">\n\t\t\t\t\t<div class=\"elementor-column elementor-col-100 elementor-top-column elementor-element elementor-element-c090a4d\" data-id=\"c090a4d\" data-element_type=\"column\" data-settings=\"{&quot;background_background&quot;:&quot;classic&quot;}\">\n\t\t\t<div class=\"elementor-widget-wrap elementor-element-populated\">\n\t\t\t\t\t\t<div class=\"elementor-element elementor-element-30acf19 elementor-widget elementor-widget-heading\" data-id=\"30acf19\" data-element_type=\"widget\" data-widget_type=\"heading.default\">\n\t\t\t\t<div class=\"elementor-widget-container\">\n\t\t\t\t\t<h1 class=\"elementor-heading-title elementor-size-default\">Impressum<\/h1>\t\t\t\t<\/div>\n\t\t\t\t<\/div>\n\t\t\t\t\t<\/div>\n\t\t<\/div>\n\t\t\t\t\t<\/div>\n\t\t<\/section>\n\t\t<div data-particle_enable=\"false\" data-particle-mobile-disabled=\"false\" class=\"elementor-element elementor-element-53de730 e-flex e-con-boxed e-con e-parent\" data-id=\"53de730\" data-element_type=\"container\">\n\t\t\t\t\t<div class=\"e-con-inner\">\n\t\t\t\t<div class=\"elementor-element elementor-element-66353f5 elementor-widget elementor-widget-text-editor\" data-id=\"66353f5\" data-element_type=\"widget\" data-widget_type=\"text-editor.default\">\n\t\t\t\t<div class=\"elementor-widget-container\">\n\t\t\t\t\t\t\t\t\t<p>WYND Group by MD Capital GmbH<\/p><p>Sch\u00f6ne Aussicht 24<br \/>22085 Hamburg<br \/>Deutschland<\/p><p>Handelsregister: HRB 126251<br \/>Registergericht: Amtsgericht Hamburg<\/p><p><strong>Vertreten durch:<\/strong><br \/>Jule Goeritz<\/p><p><strong>Kontakt<\/strong><br \/>E-Mail: info@wynd.group<\/p><p><strong>EU-Streitschlichtung<\/strong><br \/>Die Europ\u00e4ische Kommission stellt eine Plattform zur Online-Streitbeilegung (OS) bereit: https:\/\/ec.europa.eu\/consumers\/odr\/.<br \/>Unsere E-Mail-Adresse finden Sie oben im Impressum.<\/p><p>Verbraucher\u00adstreit\u00adbeilegung\/Universal\u00adschlichtungs\u00adstelle<br \/>Wir nehmen an einem Streitbeilegungsverfahren vor einer Verbraucherschlichtungsstelle teil. Zust\u00e4ndig ist die Universalschlichtungsstelle des Zentrums f\u00fcr Schlichtung e.V., Stra\u00dfburger Stra\u00dfe 8, 77694 Kehl am Rhein (https:\/\/www.verbraucher-schlichter.de).<\/p>\t\t\t\t\t\t\t\t<\/div>\n\t\t\t\t<\/div>\n\t\t\t\t\t<\/div>\n\t\t\t\t<\/div>\n\t\t\t\t<\/div>","protected":false},"excerpt":{"rendered":"<p>Imprint WYND Group by MD Capital GmbH Sch\u00f6ne Aussicht 2422085 HamburgDeutschland Handelsregister: HRB 126251Registergericht: Amtsgericht Hamburg Vertreten durch:Jule Goeritz KontaktE-Mail: info@wynd.group EU-StreitschlichtungDie Europ\u00e4ische Kommission stellt eine Plattform zur Online-Streitbeilegung (OS) bereit: https:\/\/ec.europa.eu\/consumers\/odr\/.Unsere E-Mail-Adresse finden Sie oben im Impressum. Verbraucher\u00adstreit\u00adbeilegung\/Universal\u00adschlichtungs\u00adstelleWir nehmen an einem Streitbeilegungsverfahren vor einer Verbraucherschlichtungsstelle teil. Zust\u00e4ndig ist die Universalschlichtungsstelle des Zentrums f\u00fcr Schlichtung [&hellip;]<\/p>","protected":false},"author":1,"featured_media":0,"parent":0,"menu_order":0,"comment_status":"closed","ping_status":"closed","template":"","meta":{"footnotes":""},"class_list":["post-345","page","type-page","status-publish","hentry"],"yoast_head":"<!-- This site is optimized with the Yoast SEO plugin v26.7 - https:\/\/yoast.com\/wordpress\/plugins\/seo\/ -->\n<title>Imprint - WYND GROUP (WYND Holding)<\/title>\n<meta name=\"robots\" content=\"index, follow, max-snippet:-1, max-image-preview:large, max-video-preview:-1\" \/>\n<link rel=\"canonical\" href=\"https:\/\/wynd-kite.com\/de\/imprint\/\" \/>\n<meta property=\"og:locale\" content=\"de_DE\" \/>\n<meta property=\"og:type\" content=\"article\" \/>\n<meta property=\"og:title\" content=\"Imprint - WYND GROUP (WYND Holding)\" \/>\n<meta property=\"og:description\" content=\"Imprint WYND Group by MD Capital GmbH Sch\u00f6ne Aussicht 2422085 HamburgDeutschland Handelsregister: HRB 126251Registergericht: Amtsgericht Hamburg Vertreten durch:Jule Goeritz KontaktE-Mail: info@wynd.group EU-StreitschlichtungDie Europ\u00e4ische Kommission stellt eine Plattform zur Online-Streitbeilegung (OS) bereit: https:\/\/ec.europa.eu\/consumers\/odr\/.Unsere E-Mail-Adresse finden Sie oben im Impressum. Verbraucher\u00adstreit\u00adbeilegung\/Universal\u00adschlichtungs\u00adstelleWir nehmen an einem Streitbeilegungsverfahren vor einer Verbraucherschlichtungsstelle teil. Zust\u00e4ndig ist die Universalschlichtungsstelle des Zentrums f\u00fcr Schlichtung [&hellip;]\" \/>\n<meta property=\"og:url\" content=\"https:\/\/wynd-kite.com\/de\/imprint\/\" \/>\n<meta property=\"og:site_name\" content=\"WYND GROUP (WYND Holding)\" \/>\n<meta property=\"article:modified_time\" content=\"2024-06-06T10:30:06+00:00\" \/>\n<meta name=\"twitter:card\" content=\"summary_large_image\" \/>\n<script type=\"application\/ld+json\" class=\"yoast-schema-graph\">{\"@context\":\"https:\/\/schema.org\",\"@graph\":[{\"@type\":\"WebPage\",\"@id\":\"https:\/\/wynd-kite.com\/imprint\/\",\"url\":\"https:\/\/wynd-kite.com\/imprint\/\",\"name\":\"Imprint - WYND GROUP (WYND Holding)\",\"isPartOf\":{\"@id\":\"https:\/\/wynd-kite.com\/#website\"},\"datePublished\":\"2024-04-27T06:25:50+00:00\",\"dateModified\":\"2024-06-06T10:30:06+00:00\",\"breadcrumb\":{\"@id\":\"https:\/\/wynd-kite.com\/imprint\/#breadcrumb\"},\"inLanguage\":\"de\",\"potentialAction\":[{\"@type\":\"ReadAction\",\"target\":[\"https:\/\/wynd-kite.com\/imprint\/\"]}]},{\"@type\":\"BreadcrumbList\",\"@id\":\"https:\/\/wynd-kite.com\/imprint\/#breadcrumb\",\"itemListElement\":[{\"@type\":\"ListItem\",\"position\":1,\"name\":\"Home\",\"item\":\"https:\/\/wynd-kite.com\/\"},{\"@type\":\"ListItem\",\"position\":2,\"name\":\"Imprint\"}]},{\"@type\":\"WebSite\",\"@id\":\"https:\/\/wynd-kite.com\/#website\",\"url\":\"https:\/\/wynd-kite.com\/\",\"name\":\"WYND GROUP (WYND Holding)\",\"description\":\"WYND GROUP (WYND Holding)\",\"potentialAction\":[{\"@type\":\"SearchAction\",\"target\":{\"@type\":\"EntryPoint\",\"urlTemplate\":\"https:\/\/wynd-kite.com\/?s={search_term_string}\"},\"query-input\":{\"@type\":\"PropertyValueSpecification\",\"valueRequired\":true,\"valueName\":\"search_term_string\"}}],\"inLanguage\":\"de\"}]}<\/script>\n<!-- \/ Yoast SEO plugin. -->","yoast_head_json":{"title":"Imprint - WYND GROUP (WYND Holding)","robots":{"index":"index","follow":"follow","max-snippet":"max-snippet:-1","max-image-preview":"max-image-preview:large","max-video-preview":"max-video-preview:-1"},"canonical":"https:\/\/wynd-kite.com\/de\/imprint\/","og_locale":"de_DE","og_type":"article","og_title":"Imprint - WYND GROUP (WYND Holding)","og_description":"Imprint WYND Group by MD Capital GmbH Sch\u00f6ne Aussicht 2422085 HamburgDeutschland Handelsregister: HRB 126251Registergericht: Amtsgericht Hamburg Vertreten durch:Jule Goeritz KontaktE-Mail: info@wynd.group EU-StreitschlichtungDie Europ\u00e4ische Kommission stellt eine Plattform zur Online-Streitbeilegung (OS) bereit: https:\/\/ec.europa.eu\/consumers\/odr\/.Unsere E-Mail-Adresse finden Sie oben im Impressum. Verbraucher\u00adstreit\u00adbeilegung\/Universal\u00adschlichtungs\u00adstelleWir nehmen an einem Streitbeilegungsverfahren vor einer Verbraucherschlichtungsstelle teil. Zust\u00e4ndig ist die Universalschlichtungsstelle des Zentrums f\u00fcr Schlichtung [&hellip;]","og_url":"https:\/\/wynd-kite.com\/de\/imprint\/","og_site_name":"WYND GROUP (WYND Holding)","article_modified_time":"2024-06-06T10:30:06+00:00","twitter_card":"summary_large_image","schema":{"@context":"https:\/\/schema.org","@graph":[{"@type":"WebPage","@id":"https:\/\/wynd-kite.com\/imprint\/","url":"https:\/\/wynd-kite.com\/imprint\/","name":"Imprint - WYND GROUP (WYND Holding)","isPartOf":{"@id":"https:\/\/wynd-kite.com\/#website"},"datePublished":"2024-04-27T06:25:50+00:00","dateModified":"2024-06-06T10:30:06+00:00","breadcrumb":{"@id":"https:\/\/wynd-kite.com\/imprint\/#breadcrumb"},"inLanguage":"de","potentialAction":[{"@type":"ReadAction","target":["https:\/\/wynd-kite.com\/imprint\/"]}]},{"@type":"BreadcrumbList","@id":"https:\/\/wynd-kite.com\/imprint\/#breadcrumb","itemListElement":[{"@type":"ListItem","position":1,"name":"Home","item":"https:\/\/wynd-kite.com\/"},{"@type":"ListItem","position":2,"name":"Imprint"}]},{"@type":"WebSite","@id":"https:\/\/wynd-kite.com\/#website","url":"https:\/\/wynd-kite.com\/","name":"WYND GROUP (WYND Holding)","description":"WYND GROUP (WYND Holding)","potentialAction":[{"@type":"SearchAction","target":{"@type":"EntryPoint","urlTemplate":"https:\/\/wynd-kite.com\/?s={search_term_string}"},"query-input":{"@type":"PropertyValueSpecification","valueRequired":true,"valueName":"search_term_string"}}],"inLanguage":"de"}]}},"_links":{"self":[{"href":"https:\/\/wynd-kite.com\/de\/wp-json\/wp\/v2\/pages\/345","targetHints":{"allow":["GET"]}}],"collection":[{"href":"https:\/\/wynd-kite.com\/de\/wp-json\/wp\/v2\/pages"}],"about":[{"href":"https:\/\/wynd-kite.com\/de\/wp-json\/wp\/v2\/types\/page"}],"author":[{"embeddable":true,"href":"https:\/\/wynd-kite.com\/de\/wp-json\/wp\/v2\/users\/1"}],"replies":[{"embeddable":true,"href":"https:\/\/wynd-kite.com\/de\/wp-json\/wp\/v2\/comments?post=345"}],"version-history":[{"count":0,"href":"https:\/\/wynd-kite.com\/de\/wp-json\/wp\/v2\/pages\/345\/revisions"}],"wp:attachment":[{"href":"https:\/\/wynd-kite.com\/de\/wp-json\/wp\/v2\/media?parent=345"}],"curies":[{"name":"wp","href":"https:\/\/api.w.org\/{rel}","templated":true}]}}